{"id":114,"date":"2018-03-25T16:52:19","date_gmt":"2018-03-25T14:52:19","guid":{"rendered":"https:\/\/nhmf.se\/?page_id=114"},"modified":"2025-09-22T06:29:16","modified_gmt":"2025-09-22T04:29:16","slug":"aktiviteter","status":"publish","type":"page","link":"http:\/\/nhmf.se\/?page_id=114","title":{"rendered":"Kunskapsbanken"},"content":{"rendered":"<h3 style=\"text-align: left;\">Artiklar<\/h3>\n<h4 style=\"text-align: left;\">Olika tidskrifter<\/h4>\n<p style=\"text-align: left;\"><a href=\"https:\/\/www.agria.se\/hast\/artiklar\/aktivering-och-traning\/olika-typer-av-rehab\/\">H\u00e4stmassage vid rehabilitering, s\u00e5 s\u00e4ger Agria<\/a><\/p>\n<p style=\"text-align: left;\"><a href=\"https:\/\/www.ncbi.nlm.nih.gov\/pubmed\/21059081\">American Veterinarian: The relationship between <span class=\"highlight\">massage<\/span> to the <span class=\"highlight\">equine<\/span> caudal hindlimb muscles and hindlimb protraction<\/a><\/p>\n<p style=\"text-align: left;\"><a href=\"https:\/\/www.ncbi.nlm.nih.gov\/pubmed\/21059081\">Massage Magazine:<\/a><a href=\"https:\/\/www.americanveterinarian.com\/news\/the-benefits-of-equine-massage-therapy?fbclid=IwAR1RjF9u_zAsSThSoTwRbqR0gzO_ra0Er2wtkVnOeJLbo1rDuRLXWnMya9E\">The Benefits of Equine Massage Therapy<\/a><\/p>\n<p style=\"text-align: left;\"><a href=\"https:\/\/www.hippson.se\/artikelarkivet\/hippsonnews\/massoren-om-korrekt-uppbyggnad-av-hasten.htm\">Hippson: Mass\u00f6ren om korrekt uppbyggnad av h\u00e4sten: &#8220;M\u00e5ste st\u00e4rka h\u00e4starna bakifr\u00e5n&#8221;<\/a><\/p>\n<p style=\"text-align: left;\"><a href=\"https:\/\/www.hippson.se\/artikelarkivet\/veterinar\/veterinar-per-jonsson-utreder-muskelskador-vill.htm\">Hippson: Veterin\u00e4r Per Jonsson utreder muskelskador: \u201dVill f\u00e5 tillbaka r\u00f6rlighet och elasticitet&#8221;<\/a><\/p>\n<p><a href=\"http:\/\/'\">Evidence of a new hidden neural network in the deep fasciae<\/a><\/p>\n<p><a href=\"https:\/\/www.ncbi.nlm.nih.gov\/pmc\/articles\/PMC5444000\/pdf\/BMRI2017-5349620.pdf\">The Lumbodorsal Fascia as a Potential Source of Low Back Pain: A Narrative Review<\/a><\/p>\n<h3 style=\"text-align: left;\">Artiklar fr\u00e5n NHMF mass\u00f6rer<\/h3>\n<p style=\"text-align: left;\">Karen Wild: <a href=\"https:\/\/handsforhorses.se\/?p=342\">Quo vadis, Pectoralis?, <\/a><a href=\"https:\/\/handsforhorses.se\/?p=419\">Linea Alba, <\/a><a href=\"https:\/\/handsforhorses.se\/?p=426\">A fly went by<\/a><\/p>\n<p>Karen Wild: <a href=\"https:\/\/l.facebook.com\/l.php?u=https%3A%2F%2Fwww.nature.com%2Farticles%2Fs41598-023-47590-y.epdf%3Fsharing_token%3Dv8QOKcW8rvy2xieBAEeivtRgN0jAjWel9jnR3ZoTv0O7NzENly7xjVJ5uaUI--gTimjR8trjPzD18XxnEQhjGCEHkjufNrXAPp0Y8vbb3puNKok5MSnMU3LK31KxJ6mfCwuxMIrvMG10nhnXGv4F--4kPfkRjH5o_NGSoiIeo54%253D%26fbclid%3DIwAR0JsTqVXJOrZ9fafpmK4WXqEZr97onB3ymUZpj3pxHaPUfbqkvOguQPEpc&amp;h=AT01-F0jGsMFW6VsyqhTfvto6yd9A7VqCMJdCBW4Zatk99LRp76cdwZyiKOjg4UEGaY-lr-koQknzWgAXwmyDMt5VmRa9u1FBQEjRE_AJBXIu_0se6d3t63xfMsWDyBs2w&amp;__tn__=-UK-R&amp;c[0]=AT10ih6e06azwd7OLbOzEKIyF8mU7ke8_gt_tyinPrLZNpEZ7F1i9K-XUwQP4XeoOa6jwVdt8KcxO_l7N4oIie5DQ49b8TdFteNzKKMwWskJ1xy_9V1Kd5LFCFEtnz1Rc-pou7ogKhKHB4NMtBnc5VHElmB-wn53wKCtkmY\">Pupillometry to show stress release during sports massage therapy<\/a><\/p>\n<p>Karen Wild: Fascia: <a href=\"https:\/\/thefasciaspecialist.se\/?page_id=79\">The deep front line and the middle ear<\/a><\/p>\n<div class=\"\" data-block=\"true\" data-editor=\"aj5cn\" data-offset-key=\"ef276398-0-0\"><\/div>\n<p style=\"text-align: left;\"><span style=\"color: inherit; font-size: 1.56em; font-weight: 600;\">Artiklar om och med v\u00e5ra h\u00e4stmass\u00f6rer<\/span><\/p>\n<p><strong style=\"font-size: inherit;\">Hippson<\/strong><span style=\"font-size: inherit;\">: <\/span><a style=\"font-size: inherit;\" href=\"https:\/\/www.hippson.se\/artikelarkivet\/veterinar\/hastmassoren-pa-jakt-efter-muskelspanningar.htm\">H\u00e4stmass\u00f6ren \u2013 p\u00e5 jakt efter muskelsp\u00e4nningar<\/a><\/p>\n<h3 style=\"text-align: left;\"><strong>Hemsidor<\/strong><\/h3>\n<p><a href=\"https:\/\/hastsverige.se\">H\u00e4stSverige<\/a>\u00a0&#8211; H\u00e4stSverige \u00e4r sajten som f\u00f6rklarar forskning p\u00e5 ett begripligt s\u00e4tt.\u00a0H\u00e4r hittar du aktuellt kunnande och vetenskap om allt som r\u00f6r h\u00e4sten.<\/p>\n<p style=\"text-align: left;\"><strong>For the love of the horse<\/strong> \u2013 amerikansk, sponsrad, gratis, alla m\u00f6jliga veterin\u00e4ra experter f\u00f6rel\u00e4ser om sina \u00e4mnen, s\u00e4nds mitt i natten f\u00f6r oss, men allt finns utlagt p\u00e5 hemsidan med samma namn\u00a0<a href=\"https:\/\/www.lovethehorse.com\/#\" target=\"_blank\" rel=\"noopener\" data-saferedirecturl=\"https:\/\/www.google.com\/url?q=https:\/\/www.lovethehorse.com\/%23&amp;source=gmail&amp;ust=1616857295046000&amp;usg=AFQjCNH79Hj87ZLFM9CavbCSRbs5Vb6bdw\">https:\/\/www.lovethehorse.<wbr \/>com\/#<\/a><\/p>\n<p style=\"text-align: left;\"><strong>Dr Marlin \u2013 engelsk veterin\u00e4r<\/strong>, OS-r\u00e5dgivare, forskare, David Marlin. Han har gjort en hemsida med tillg\u00e5ng till artiklar, webinarier och podcasts, g\u00f6r \u00e4ven produkttester, kritisk till allt :). En \u00e5terkommande g\u00e4st \u00e4r en h\u00e4stfysioterapeut som doktorerat och undervisar p\u00e5 Hartpury, Gillian Tabor. Man kan prenumerera f\u00f6r 8 GBP\/m\u00e5n eller betala f\u00f6r enskilda webinarier.\u00a0<a href=\"https:\/\/drdavidmarlin.com\/\" target=\"_blank\" rel=\"noopener\" data-saferedirecturl=\"https:\/\/www.google.com\/url?q=https:\/\/drdavidmarlin.com&amp;source=gmail&amp;ust=1616857295046000&amp;usg=AFQjCNGUJv7FOpZSvOuMj82aOkSIF6ZTSA\">https:\/\/<wbr \/>drdavidmarlin.com<\/a><\/p>\n<p style=\"text-align: left;\"><strong>Gillian Higgins<\/strong> \u2013 engelsk h\u00e4stmass\u00f6r, nog mest k\u00e4nd f\u00f6r att m\u00e5la anatomi p\u00e5 h\u00e4star, har ett brett utbildningsmaterial (jag har varit p\u00e5 flera av hennes konferenser, d\u00e4r hon bjuder in specialister) i sitt f\u00f6retag Horses Inside Out. Har utm\u00e4rkta webinarier, se\u00a0<a href=\"https:\/\/www.horsesinsideout.com\/\" target=\"_blank\" rel=\"noopener\" data-saferedirecturl=\"https:\/\/www.google.com\/url?q=https:\/\/www.horsesinsideout.com&amp;source=gmail&amp;ust=1616857295046000&amp;usg=AFQjCNFni7bnd5mDbGk_PZqCVGx7oT0UXw\">https:\/\/www.<wbr \/>horsesinsideout.com<\/a><\/p>\n<p><strong>Liza Kimble<\/strong> &#8211; Liza&#8217;s work with people and horses: Training with Dr. David Berceli in TRE (Trauma Release Exercises) and with Dr. Robert Schleip, Werner Klingler and Tom Findley and Carla Stecco (fascia). Liza has developed a unique, gentle method of fascia release massage for humans and horses. Her techniques have evolved over the years with a combination of trauma release exercises, traditional Chinese meridian therapy, activation techniques, the latest in fascia science and neurology. She has developed a combined modality for horses and humans that combines knowledge of the fascial system with the power of the autonomic nervous system to effectively treat chronic pain and trauma. Both techniques are rooted in fascia massage and trauma management techniques, ranging from deep, slow pressure to very light and even off-body techniques. Her method helps people connect with their animals or their clients in a profound way by learning to listen to the subtle cues of the body and emotions. <a href=\"https:\/\/lizakimble.com\/\">https:\/\/lizakimble.com\/<\/a><\/p>\n<p style=\"text-align: left;\"><span style=\"color: inherit; font-size: 1.56em; font-weight: 600;\">Poddar<\/span><br \/>\n<strong style=\"font-size: inherit;\"><a href=\"https:\/\/poddtoppen.se\/podcast\/1449617953\/equipodden\">Equipodden<\/a> &#8211;\u00a0<\/strong><span style=\"font-size: inherit;\">En h\u00e4stpodd som tar upp hela h\u00e4sten<\/span><\/p>\n<p><a href=\"https:\/\/www.buzzsprout.com\/1036471\"><strong>Equalign<\/strong><\/a> &#8211; En sp\u00e4nnande h\u00e4stpodd fr\u00e5n tv\u00e5 terapeuter fr\u00e5n Florida, USA<\/p>\n<p><a href=\"https:\/\/open.spotify.com\/show\/2b66FWsiIfKFmpgVvOEwtT\">Ride with your mind<\/a> &#8211; En poddcast med Mary Wanless<\/p>\n<p><a href=\"https:\/\/open.spotify.com\/show\/1tu52rGhQOEcVkTNBPXylg\">M\u00e4nniska &amp; H\u00e4sten<\/a> &#8211; en h\u00e4stpodd fr\u00e5n Sally Karlsson och Jenny Johansson Berggren<\/p>\n<p><span style=\"color: inherit; font-size: 1.56em; font-weight: 600;\">Instagram IGTV<\/span><br \/>\n<span style=\"font-size: inherit;\">Marina Axelson Callum &#8211; &#8220;<\/span><a style=\"font-size: inherit;\" href=\"https:\/\/www.instagram.com\/bondibella\/channel\/\">Bondibella&#8221; visar h\u00e4stmassage i korta videos<\/a><\/p>\n<h3 style=\"text-align: left;\">Facebook<\/h3>\n<p><strong>Saddlefit 4 Life<\/strong> \u2013 Jochen Schleese, tysk sadelmakare, bor i Kanada, har utm\u00e4rkta f\u00f6rel\u00e4sningar p\u00e5 sin Facebook-sida. Gratis, men har mer utbildningsmaterial som man f\u00e5r betala f\u00f6r (inte kollat betalmaterialet).<\/p>\n<p><strong>Ride with your mind<\/strong> &#8211; Mary Wanless BHSI, an internationally renowned rider biomechanics coach, author of the &#8216;Ride With Your Mind&#8217;<\/p>\n<p>&nbsp;<\/p>\n<div class=\"entry-content cf\">\n<div class=\"pod-show__meta-summary\"><\/div>\n<pre class=\"pod-show__meta-text\" style=\"text-align: left;\"><\/pre>\n<\/div>\n","protected":false},"excerpt":{"rendered":"<p>Artiklar Olika tidskrifter H\u00e4stmassage vid rehabilitering, s\u00e5 s\u00e4ger Agria American Veterinarian: The relationship between massage to the equine caudal hindlimb muscles and hindlimb protraction Massage Magazine:The Benefits of Equine Massage Therapy Hippson: Mass\u00f6ren om korrekt uppbyggnad av h\u00e4sten: &#8220;M\u00e5ste st\u00e4rka h\u00e4starna bakifr\u00e5n&#8221; Hippson: Veterin\u00e4r Per Jonsson utreder muskelskador: \u201dVill f\u00e5 tillbaka r\u00f6rlighet och elasticitet&#8221; Evidence&hellip; <a class=\"more-link\" href=\"http:\/\/nhmf.se\/?page_id=114\">Read More <span class=\"screen-reader-text\">Kunskapsbanken<\/span><\/a><\/p>\n","protected":false},"author":1,"featured_media":0,"parent":48,"menu_order":9,"comment_status":"closed","ping_status":"closed","template":"","meta":{"footnotes":""},"class_list":["post-114","page","type-page","status-publish","hentry"],"_links":{"self":[{"href":"http:\/\/nhmf.se\/index.php?rest_route=\/wp\/v2\/pages\/114","targetHints":{"allow":["GET"]}}],"collection":[{"href":"http:\/\/nhmf.se\/index.php?rest_route=\/wp\/v2\/pages"}],"about":[{"href":"http:\/\/nhmf.se\/index.php?rest_route=\/wp\/v2\/types\/page"}],"author":[{"embeddable":true,"href":"http:\/\/nhmf.se\/index.php?rest_route=\/wp\/v2\/users\/1"}],"replies":[{"embeddable":true,"href":"http:\/\/nhmf.se\/index.php?rest_route=%2Fwp%2Fv2%2Fcomments&post=114"}],"version-history":[{"count":44,"href":"http:\/\/nhmf.se\/index.php?rest_route=\/wp\/v2\/pages\/114\/revisions"}],"predecessor-version":[{"id":1870,"href":"http:\/\/nhmf.se\/index.php?rest_route=\/wp\/v2\/pages\/114\/revisions\/1870"}],"up":[{"embeddable":true,"href":"http:\/\/nhmf.se\/index.php?rest_route=\/wp\/v2\/pages\/48"}],"wp:attachment":[{"href":"http:\/\/nhmf.se\/index.php?rest_route=%2Fwp%2Fv2%2Fmedia&parent=114"}],"curies":[{"name":"wp","href":"https:\/\/api.w.org\/{rel}","templated":true}]}}