{"id":508,"date":"2018-05-31T15:42:21","date_gmt":"2018-05-31T13:42:21","guid":{"rendered":"https:\/\/nhmf.se\/?page_id=508"},"modified":"2025-09-20T14:21:10","modified_gmt":"2025-09-20T12:21:10","slug":"medlemsrabatter","status":"publish","type":"page","link":"http:\/\/nhmf.se\/?page_id=508","title":{"rendered":"Profilkl\u00e4der"},"content":{"rendered":"<div><strong>Profilkl\u00e4der<\/strong>: Profilkl\u00e4der med NHMF m\u00e4rke hittar du p\u00e5 <a href=\"http:\/\/www.prima4you.se\">Prima4You<\/a>. Du kan \u00e4ven best\u00e4lla din egen text p\u00e5 kl\u00e4derna\/artiklarna.<\/div>\n<div><\/div>\n<div><\/div>\n<div><em>Tv\u00e4ttr\u00e5d f\u00f6r NHMF Profilkl\u00e4der:<\/em><br \/>\nL\u00e4ttviktsjacka\/v\u00e4st &#8211; 40 grader<br \/>\nFunktionspik\u00e9 &#8211; 40 grader<br \/>\nVindjacka &#8211; 30 grader<\/div>\n<div>Softshelljacka &#8211; 30 grader<\/div>\n","protected":false},"excerpt":{"rendered":"<p>Profilkl\u00e4der: Profilkl\u00e4der med NHMF m\u00e4rke hittar du p\u00e5 Prima4You. Du kan \u00e4ven best\u00e4lla din egen text p\u00e5 kl\u00e4derna\/artiklarna. Tv\u00e4ttr\u00e5d f\u00f6r NHMF Profilkl\u00e4der: L\u00e4ttviktsjacka\/v\u00e4st &#8211; 40 grader Funktionspik\u00e9 &#8211; 40 grader Vindjacka &#8211; 30 grader Softshelljacka &#8211; 30 grader<\/p>\n","protected":false},"author":1,"featured_media":0,"parent":48,"menu_order":4,"comment_status":"closed","ping_status":"closed","template":"","meta":{"footnotes":""},"class_list":["post-508","page","type-page","status-publish","hentry"],"_links":{"self":[{"href":"http:\/\/nhmf.se\/index.php?rest_route=\/wp\/v2\/pages\/508","targetHints":{"allow":["GET"]}}],"collection":[{"href":"http:\/\/nhmf.se\/index.php?rest_route=\/wp\/v2\/pages"}],"about":[{"href":"http:\/\/nhmf.se\/index.php?rest_route=\/wp\/v2\/types\/page"}],"author":[{"embeddable":true,"href":"http:\/\/nhmf.se\/index.php?rest_route=\/wp\/v2\/users\/1"}],"replies":[{"embeddable":true,"href":"http:\/\/nhmf.se\/index.php?rest_route=%2Fwp%2Fv2%2Fcomments&post=508"}],"version-history":[{"count":6,"href":"http:\/\/nhmf.se\/index.php?rest_route=\/wp\/v2\/pages\/508\/revisions"}],"predecessor-version":[{"id":1864,"href":"http:\/\/nhmf.se\/index.php?rest_route=\/wp\/v2\/pages\/508\/revisions\/1864"}],"up":[{"embeddable":true,"href":"http:\/\/nhmf.se\/index.php?rest_route=\/wp\/v2\/pages\/48"}],"wp:attachment":[{"href":"http:\/\/nhmf.se\/index.php?rest_route=%2Fwp%2Fv2%2Fmedia&parent=508"}],"curies":[{"name":"wp","href":"https:\/\/api.w.org\/{rel}","templated":true}]}}