{"id":577,"date":"2018-12-30T15:20:06","date_gmt":"2018-12-30T14:20:06","guid":{"rendered":"https:\/\/nhmf.se\/?page_id=577"},"modified":"2025-09-20T14:18:46","modified_gmt":"2025-09-20T12:18:46","slug":"mentorskap","status":"publish","type":"page","link":"http:\/\/nhmf.se\/?page_id=577","title":{"rendered":"Mentorskap"},"content":{"rendered":"<p>Som medlem i NHMF har du m\u00f6jlighet att f\u00e5 st\u00f6d av erfarna kollegor genom mentorskap. Flera medlemmar har frivilligt erbjudit sig att vara mentorer.<\/p>\n<p><strong>S\u00e5 fungerar det:<\/strong><\/p>\n<ul>\n<li>Du kontaktar mentorn direkt och kommer \u00f6verens om uppl\u00e4gg och inneh\u00e5ll<\/li>\n<li>Mentorskapet \u00e4r fr\u00e4mst f\u00f6r nya medlemmar, men alla kan ha behov av att diskutera med likasinnade<\/li>\n<li>Du kan \u00e4ven st\u00e4lla fr\u00e5gor i v\u00e5r Facebookgrupp\u00a0<em>NHMF Medlemmar<\/em><\/li>\n<\/ul>\n<p><strong>Vill du bli mentor?<\/strong><\/p>\n<p>Kontakta ordf\u00f6randen om du vill st\u00f6tta nya medlemmar eller svara p\u00e5 fr\u00e5gor.<\/p>\n<p><strong>Mentorer att kontakta:<\/strong><\/p>\n<ul>\n<li><strong>Lollo Persson<\/strong>\u00a0\u2013 Stockholm<\/li>\n<li><strong>Sara J\u00e4ttner<\/strong>\u00a0\u2013 Stockholm<\/li>\n<li><strong>Annica Pamlin<\/strong>\u00a0\u2013 S\u00f6dermanland<\/li>\n<li><strong>Karen Wild<\/strong>\u00a0\u2013 Stockholm<\/li>\n<\/ul>\n","protected":false},"excerpt":{"rendered":"<p>Som medlem i NHMF har du m\u00f6jlighet att f\u00e5 st\u00f6d av erfarna kollegor genom mentorskap. Flera medlemmar har frivilligt erbjudit sig att vara mentorer. S\u00e5 fungerar det: Du kontaktar mentorn direkt och kommer \u00f6verens om uppl\u00e4gg och inneh\u00e5ll Mentorskapet \u00e4r fr\u00e4mst f\u00f6r nya medlemmar, men alla kan ha behov av att diskutera med likasinnade Du&hellip; <a class=\"more-link\" href=\"http:\/\/nhmf.se\/?page_id=577\">Read More <span class=\"screen-reader-text\">Mentorskap<\/span><\/a><\/p>\n","protected":false},"author":1,"featured_media":0,"parent":48,"menu_order":0,"comment_status":"closed","ping_status":"closed","template":"","meta":{"footnotes":""},"class_list":["post-577","page","type-page","status-publish","hentry"],"_links":{"self":[{"href":"http:\/\/nhmf.se\/index.php?rest_route=\/wp\/v2\/pages\/577","targetHints":{"allow":["GET"]}}],"collection":[{"href":"http:\/\/nhmf.se\/index.php?rest_route=\/wp\/v2\/pages"}],"about":[{"href":"http:\/\/nhmf.se\/index.php?rest_route=\/wp\/v2\/types\/page"}],"author":[{"embeddable":true,"href":"http:\/\/nhmf.se\/index.php?rest_route=\/wp\/v2\/users\/1"}],"replies":[{"embeddable":true,"href":"http:\/\/nhmf.se\/index.php?rest_route=%2Fwp%2Fv2%2Fcomments&post=577"}],"version-history":[{"count":7,"href":"http:\/\/nhmf.se\/index.php?rest_route=\/wp\/v2\/pages\/577\/revisions"}],"predecessor-version":[{"id":1863,"href":"http:\/\/nhmf.se\/index.php?rest_route=\/wp\/v2\/pages\/577\/revisions\/1863"}],"up":[{"embeddable":true,"href":"http:\/\/nhmf.se\/index.php?rest_route=\/wp\/v2\/pages\/48"}],"wp:attachment":[{"href":"http:\/\/nhmf.se\/index.php?rest_route=%2Fwp%2Fv2%2Fmedia&parent=577"}],"curies":[{"name":"wp","href":"https:\/\/api.w.org\/{rel}","templated":true}]}}