{"id":642,"date":"2019-05-21T22:11:26","date_gmt":"2019-05-21T20:11:26","guid":{"rendered":"https:\/\/nhmf.se\/?page_id=642"},"modified":"2025-09-20T14:12:44","modified_gmt":"2025-09-20T12:12:44","slug":"hur-gar-en-behandling-till","status":"publish","type":"page","link":"http:\/\/nhmf.se\/?page_id=642","title":{"rendered":"Hur g\u00e5r en behandling till?"},"content":{"rendered":"<p><strong>S\u00e5 g\u00e5r en h\u00e4stmassagebehandling till<\/strong><\/p>\n<p><strong>Behandlingens uppl\u00e4gg<\/strong><br \/>\nVarje h\u00e4st har unika behov, s\u00e5 behandlingens l\u00e4ngd och inneh\u00e5ll varierar. En helbehandling tar 45\u201390 minuter. F\u00f6rstag\u00e5ngsbes\u00f6k \u00e4r ofta l\u00e4ngre och kan delas upp i unders\u00f6kning och behandling.<\/p>\n<p><strong>N\u00e4r massage b\u00f6r undvikas<\/strong><br \/>\nMassage ska inte ges vid t.ex. feber, infektion, dr\u00e4ktighet, nyligen vaccination eller avmaskning, samt vid vissa sjukdomstillst\u00e5nd. Informera mass\u00f6ren om n\u00e5got av detta g\u00e4ller din h\u00e4st.<\/p>\n<p><strong>Inf\u00f6r bes\u00f6ket<\/strong><\/p>\n<ul>\n<li>H\u00e4sten ska vara inne, ren och torr<\/li>\n<li>Undvik p\u00e4lsglans och flugspray<\/li>\n<li>V\u00e4lj en lugn, halkfri plats med bra ljus<\/li>\n<li>Ge lite foder innan bes\u00f6ket<\/li>\n<\/ul>\n<p><strong>Vid bes\u00f6ket<\/strong><br \/>\nMass\u00f6ren st\u00e4ller fr\u00e5gor om h\u00e4stens h\u00e4lsa, anv\u00e4ndning och utrustning. R\u00f6relsekontroll g\u00f6rs ofta, s\u00e4rskilt vid f\u00f6rsta bes\u00f6ket. Vid misstanke om skada h\u00e4nvisas till veterin\u00e4r.<\/p>\n<p><strong>Unders\u00f6kning (palpation)<\/strong><br \/>\nMass\u00f6ren g\u00e5r igenom h\u00e4stens muskler, senor och leder f\u00f6r att hitta sp\u00e4nningar och bed\u00f6ma muskelbalans.<\/p>\n<p><strong>Behandling<\/strong><br \/>\nMassage riktas mot sp\u00e4nda omr\u00e5den. Stretching kan ing\u00e5 som komplement.<\/p>\n<p><strong>Efter behandlingen<\/strong><br \/>\nDu f\u00e5r \u00e5terkoppling och r\u00e5d. H\u00e4sten kan bli tr\u00f6tt eller pigg, f\u00e5 tr\u00e4ningsv\u00e4rk i 2\u20133 dagar. Undvik tr\u00e4ning direkt efter behandling. Se till att h\u00e4sten har tillg\u00e5ng till vatten.<\/p>\n<p><strong>\u00c5terbes\u00f6k<\/strong><br \/>\nFlera behandlingar kan beh\u00f6vas. Tid mellan bes\u00f6k och tr\u00e4ningsuppl\u00e4gg anpassas efter h\u00e4stens behov.<\/p>\n","protected":false},"excerpt":{"rendered":"<p>S\u00e5 g\u00e5r en h\u00e4stmassagebehandling till Behandlingens uppl\u00e4gg Varje h\u00e4st har unika behov, s\u00e5 behandlingens l\u00e4ngd och inneh\u00e5ll varierar. En helbehandling tar 45\u201390 minuter. F\u00f6rstag\u00e5ngsbes\u00f6k \u00e4r ofta l\u00e4ngre och kan delas upp i unders\u00f6kning och behandling. N\u00e4r massage b\u00f6r undvikas Massage ska inte ges vid t.ex. feber, infektion, dr\u00e4ktighet, nyligen vaccination eller avmaskning, samt vid vissa&hellip; <a class=\"more-link\" href=\"http:\/\/nhmf.se\/?page_id=642\">Read More <span class=\"screen-reader-text\">Hur g\u00e5r en behandling till?<\/span><\/a><\/p>\n","protected":false},"author":1,"featured_media":0,"parent":39,"menu_order":2,"comment_status":"closed","ping_status":"closed","template":"","meta":{"footnotes":""},"class_list":["post-642","page","type-page","status-publish","hentry"],"_links":{"self":[{"href":"http:\/\/nhmf.se\/index.php?rest_route=\/wp\/v2\/pages\/642","targetHints":{"allow":["GET"]}}],"collection":[{"href":"http:\/\/nhmf.se\/index.php?rest_route=\/wp\/v2\/pages"}],"about":[{"href":"http:\/\/nhmf.se\/index.php?rest_route=\/wp\/v2\/types\/page"}],"author":[{"embeddable":true,"href":"http:\/\/nhmf.se\/index.php?rest_route=\/wp\/v2\/users\/1"}],"replies":[{"embeddable":true,"href":"http:\/\/nhmf.se\/index.php?rest_route=%2Fwp%2Fv2%2Fcomments&post=642"}],"version-history":[{"count":8,"href":"http:\/\/nhmf.se\/index.php?rest_route=\/wp\/v2\/pages\/642\/revisions"}],"predecessor-version":[{"id":1857,"href":"http:\/\/nhmf.se\/index.php?rest_route=\/wp\/v2\/pages\/642\/revisions\/1857"}],"up":[{"embeddable":true,"href":"http:\/\/nhmf.se\/index.php?rest_route=\/wp\/v2\/pages\/39"}],"wp:attachment":[{"href":"http:\/\/nhmf.se\/index.php?rest_route=%2Fwp%2Fv2%2Fmedia&parent=642"}],"curies":[{"name":"wp","href":"https:\/\/api.w.org\/{rel}","templated":true}]}}