{"id":965,"date":"2021-01-19T20:26:30","date_gmt":"2021-01-19T19:26:30","guid":{"rendered":"https:\/\/nhmf.se\/?page_id=965"},"modified":"2026-01-17T15:30:46","modified_gmt":"2026-01-17T14:30:46","slug":"vem-kan-bli-medlem","status":"publish","type":"page","link":"http:\/\/nhmf.se\/?page_id=965","title":{"rendered":"Vem kan bli medlem?"},"content":{"rendered":"\n<p class=\"has-medium-font-size\"><\/p>\n\n\n\n<p class=\"has-medium-font-size\"><strong>Yrkesverksamma medlemmar<\/strong><br>F\u00f6r att bli medlem kr\u00e4vs att du \u00e4r utbildad h\u00e4stmass\u00f6r med god kunskap om anatomi, fysiologi och rehabilitering. Din utbildning ska:<\/p>\n\n\n\n<ul class=\"wp-block-list\">\n<li>Omfatta minst 150 timmar l\u00e4rarledd undervisning<\/li>\n\n\n\n<li>Inneh\u00e5lla praktiska och teoretiska prov<\/li>\n\n\n\n<li>Fokusera p\u00e5 manuella behandlingstekniker<\/li>\n\n\n\n<li>Inkludera dokumenterad praktik i enlighet med kraven fr\u00e5n utbildningen<\/li>\n<\/ul>\n\n\n\n<p><\/p>\n\n\n\n<p><strong>Utbildningen ska t\u00e4cka \u00e4mnen som:<\/strong><\/p>\n\n\n\n<ul class=\"wp-block-list\">\n<li>H\u00e4stmassage: indikationer och kontraindikationer<\/li>\n\n\n\n<li>Muskelpalpation och muskelfysiologi<\/li>\n\n\n\n<li>Stresspunkter, stretching, skelett- och ledl\u00e4ra<\/li>\n\n\n\n<li>R\u00f6relseanalys<\/li>\n\n\n\n<li>Grundl\u00e4ggande kunskap i nervsystem, matsm\u00e4ltning, hud, hovar, tr\u00e4ningsl\u00e4ra och journalf\u00f6ring<\/li>\n<\/ul>\n\n\n\n<p><strong>Godk\u00e4nda utbildningar idag:<\/strong><\/p>\n\n\n\n<ul class=\"wp-block-list\">\n<li>Axelsons Animal Massage School (Diplomerad H\u00e4stmass\u00f6r)<\/li>\n\n\n\n<li>UPH (Equiopat)<\/li>\n\n\n\n<li>Equiterapeut-utbildningen vid Campus Nyk\u00f6ping (efter \u00e5rskurs 2)<\/li>\n<\/ul>\n\n\n\n<p>Ifall du g\u00e5tt annan utbildning som st\u00e4mmer \u00f6verens med ovanst\u00e5ende krav och \u00f6nskar bli medlem? Kontakta NHMF Ordf\u00f6rande, (se info om styrelsen)<\/p>\n\n\n\n<hr class=\"wp-block-separator has-alpha-channel-opacity\"\/>\n\n\n\n<p><strong>Medlemskapsformer<\/strong><\/p>\n\n\n\n<p><strong>1. Medlem med f\u00f6rs\u00e4kring<\/strong><br>Fullv\u00e4rdigt medlemskap med ansvarsf\u00f6rs\u00e4kring.<\/p>\n\n\n\n<p><strong>2. Medlem utan f\u00f6rs\u00e4kring<\/strong><br>F\u00f6r dig som \u00e4r f\u00f6rs\u00e4krad p\u00e5 via annan f\u00f6rs\u00e4kring<\/p>\n\n\n\n<p><strong>3. Studentmedlemskap<\/strong><br>F\u00f6r elever som genomg\u00e5tt minst halva sin utbildning vid godk\u00e4nd skola. Ger tillg\u00e5ng till medlemssida och workshops.<\/p>\n\n\n\n<p><strong>4. St\u00f6dmedlemskap<\/strong><br>F\u00f6r tidigare medlemmar utan aktiv verksamhet. Ger tillg\u00e5ng till Zoom-f\u00f6rel\u00e4sningar och gemenskap, men inte r\u00f6str\u00e4tt, kursrabatter eller synlighet p\u00e5 hemsidan.<\/p>\n\n\n\n<hr class=\"wp-block-separator has-alpha-channel-opacity\"\/>\n\n\n\n<p><strong>Ans\u00f6kan och kontakt<\/strong><\/p>\n\n\n\n<p>Skicka en sammanst\u00e4llning av din utbildning (\u00e4mnen och timmar) till:<\/p>\n\n\n\n<p><strong>Linn Kjellberg<\/strong><br>Kass\u00f6r &amp; medlemsregisteransvarig<br>\ud83d\udce7&nbsp;<strong>Linn Kjellberg<\/strong>, kass\u00f6r och medlemsregisteransvarig:<br>\ud83d\udce7Linn@nhmf.se<\/p>\n","protected":false},"excerpt":{"rendered":"<p>Yrkesverksamma medlemmarF\u00f6r att bli medlem kr\u00e4vs att du \u00e4r utbildad h\u00e4stmass\u00f6r med god kunskap om anatomi, fysiologi och rehabilitering. Din utbildning ska: Utbildningen ska t\u00e4cka \u00e4mnen som: Godk\u00e4nda utbildningar idag: Ifall du g\u00e5tt annan utbildning som st\u00e4mmer \u00f6verens med ovanst\u00e5ende krav och \u00f6nskar bli medlem? Kontakta NHMF Ordf\u00f6rande, (se info om styrelsen) Medlemskapsformer 1. Medlem&hellip; <a class=\"more-link\" href=\"http:\/\/nhmf.se\/?page_id=965\">Read More <span class=\"screen-reader-text\">Vem kan bli medlem?<\/span><\/a><\/p>\n","protected":false},"author":1,"featured_media":0,"parent":0,"menu_order":0,"comment_status":"closed","ping_status":"closed","template":"","meta":{"footnotes":""},"class_list":["post-965","page","type-page","status-publish","hentry"],"_links":{"self":[{"href":"http:\/\/nhmf.se\/index.php?rest_route=\/wp\/v2\/pages\/965","targetHints":{"allow":["GET"]}}],"collection":[{"href":"http:\/\/nhmf.se\/index.php?rest_route=\/wp\/v2\/pages"}],"about":[{"href":"http:\/\/nhmf.se\/index.php?rest_route=\/wp\/v2\/types\/page"}],"author":[{"embeddable":true,"href":"http:\/\/nhmf.se\/index.php?rest_route=\/wp\/v2\/users\/1"}],"replies":[{"embeddable":true,"href":"http:\/\/nhmf.se\/index.php?rest_route=%2Fwp%2Fv2%2Fcomments&post=965"}],"version-history":[{"count":25,"href":"http:\/\/nhmf.se\/index.php?rest_route=\/wp\/v2\/pages\/965\/revisions"}],"predecessor-version":[{"id":1878,"href":"http:\/\/nhmf.se\/index.php?rest_route=\/wp\/v2\/pages\/965\/revisions\/1878"}],"wp:attachment":[{"href":"http:\/\/nhmf.se\/index.php?rest_route=%2Fwp%2Fv2%2Fmedia&parent=965"}],"curies":[{"name":"wp","href":"https:\/\/api.w.org\/{rel}","templated":true}]}}