{"id":1406,"date":"2022-09-30T13:37:12","date_gmt":"2022-09-30T11:37:12","guid":{"rendered":"https:\/\/nhmf.se\/?page_id=1406"},"modified":"2025-05-14T20:44:21","modified_gmt":"2025-05-14T18:44:21","slug":"styrelse-och-kontakt","status":"publish","type":"page","link":"https:\/\/nhmf.se\/?page_id=1406","title":{"rendered":"Styrelse och kontakt"},"content":{"rendered":"\n<div class=\"wp-block-media-text alignwide is-stacked-on-mobile is-image-fill-element\"><figure class=\"wp-block-media-text__media\"><img fetchpriority=\"high\" decoding=\"async\" width=\"359\" height=\"640\" src=\"http:\/\/nhmf.se\/wp-content\/uploads\/Sara-J\u00e4ttner.png\" alt=\"\" class=\"wp-image-796 size-full\" style=\"object-position:50% 50%\" srcset=\"https:\/\/nhmf.se\/wp-content\/uploads\/Sara-J\u00e4ttner.png 359w, https:\/\/nhmf.se\/wp-content\/uploads\/Sara-J\u00e4ttner-168x300.png 168w\" sizes=\"(max-width: 359px) 100vw, 359px\" \/><\/figure><div class=\"wp-block-media-text__content\">\n<p class=\"has-large-font-size\"><strong>Ordf\u00f6rande<\/strong><\/p>\n\n\n\n<p>Sara J\u00e4ttner<\/p>\n\n\n\n<p>Sara@nhmf.se<\/p>\n<\/div><\/div>\n\n\n\n<p><\/p>\n\n\n\n<div class=\"wp-block-media-text alignwide is-stacked-on-mobile is-image-fill-element\"><figure class=\"wp-block-media-text__media\"><img decoding=\"async\" width=\"261\" height=\"173\" src=\"http:\/\/nhmf.se\/wp-content\/uploads\/Cecilia.jpg\" alt=\"\" class=\"wp-image-287 size-full\" style=\"object-position:50% 50%\"\/><\/figure><div class=\"wp-block-media-text__content\">\n<p class=\"has-text-align-left has-large-font-size\"><strong>Vice ordf\u00f6rande<\/strong><\/p>\n\n\n\n<p>Cecilia Ekeblom<\/p>\n\n\n\n<p>Cecilia@nhmf.se<\/p>\n<\/div><\/div>\n\n\n\n<p class=\"has-large-font-size\"><br><\/p>\n\n\n\n<div class=\"wp-block-media-text alignwide is-stacked-on-mobile is-image-fill-element\"><figure class=\"wp-block-media-text__media\"><img decoding=\"async\" width=\"180\" height=\"148\" src=\"http:\/\/nhmf.se\/wp-content\/uploads\/cropped-174878_189534891095539_5987965_n.jpg\" alt=\"\" class=\"wp-image-310 size-full\" style=\"object-position:50% 50%\"\/><\/figure><div class=\"wp-block-media-text__content\">\n<p class=\"has-large-font-size\"><strong>Ledamot <\/strong><\/p>\n\n\n\n<p>Ingrid Bengtsson<br>ingrid@nhmf.se<\/p>\n<\/div><\/div>\n\n\n\n<p class=\"has-medium-font-size\"><br><\/p>\n\n\n\n<div class=\"wp-block-media-text alignwide is-stacked-on-mobile is-image-fill-element\"><figure class=\"wp-block-media-text__media\"><img loading=\"lazy\" decoding=\"async\" width=\"873\" height=\"1024\" src=\"http:\/\/nhmf.se\/wp-content\/uploads\/Sari-bild-873x1024.jpg\" alt=\"\" class=\"wp-image-634 size-full\" style=\"object-position:50% 50%\" srcset=\"https:\/\/nhmf.se\/wp-content\/uploads\/Sari-bild-873x1024.jpg 873w, https:\/\/nhmf.se\/wp-content\/uploads\/Sari-bild-256x300.jpg 256w, https:\/\/nhmf.se\/wp-content\/uploads\/Sari-bild-768x900.jpg 768w, https:\/\/nhmf.se\/wp-content\/uploads\/Sari-bild.jpg 1416w\" sizes=\"(max-width: 873px) 100vw, 873px\" \/><\/figure><div class=\"wp-block-media-text__content\">\n<p class=\"has-large-font-size\"><strong>Ledamot<\/strong><\/p>\n\n\n\n<p>Sari Ylitapio<br>Sari@nhmf.se<\/p>\n<\/div><\/div>\n\n\n\n<p><\/p>\n\n\n\n<p><\/p>\n\n\n\n<div class=\"wp-block-media-text alignwide is-stacked-on-mobile is-image-fill-element\"><figure class=\"wp-block-media-text__media\"><img loading=\"lazy\" decoding=\"async\" width=\"941\" height=\"941\" src=\"http:\/\/nhmf.se\/wp-content\/uploads\/10511309_4575584723178_5731897396501505512_n.jpg\" alt=\"\" class=\"wp-image-351 size-full\" style=\"object-position:50% 50%\" srcset=\"https:\/\/nhmf.se\/wp-content\/uploads\/10511309_4575584723178_5731897396501505512_n.jpg 941w, https:\/\/nhmf.se\/wp-content\/uploads\/10511309_4575584723178_5731897396501505512_n-150x150.jpg 150w, https:\/\/nhmf.se\/wp-content\/uploads\/10511309_4575584723178_5731897396501505512_n-300x300.jpg 300w\" sizes=\"(max-width: 941px) 100vw, 941px\" \/><\/figure><div class=\"wp-block-media-text__content\">\n<p class=\"has-large-font-size\"><strong>Ledamot<\/strong><\/p>\n\n\n\n<p>Karen Wild<\/p>\n\n\n\n<p>karen@nhmf.se<\/p>\n<\/div><\/div>\n\n\n\n<p><\/p>\n\n\n\n<div class=\"wp-block-media-text alignwide is-stacked-on-mobile is-image-fill-element\"><figure class=\"wp-block-media-text__media\"><img decoding=\"async\" width=\"180\" height=\"148\" src=\"http:\/\/nhmf.se\/wp-content\/uploads\/cropped-174878_189534891095539_5987965_n.jpg\" alt=\"\" class=\"wp-image-310 size-full\" style=\"object-position:50% 50%\"\/><\/figure><div class=\"wp-block-media-text__content\">\n<p class=\"has-large-font-size\"><strong>Ledamot och f\u00f6rs\u00e4krings-fr\u00e5gor<\/strong><\/p>\n\n\n\n<p>Malin Lindberg<br>malin@nhmf.se<\/p>\n<\/div><\/div>\n\n\n\n<div class=\"wp-block-media-text alignwide is-stacked-on-mobile is-image-fill-element\"><figure class=\"wp-block-media-text__media\"><img decoding=\"async\" width=\"180\" height=\"148\" src=\"http:\/\/nhmf.se\/wp-content\/uploads\/cropped-174878_189534891095539_5987965_n.jpg\" alt=\"\" class=\"wp-image-310 size-full\" style=\"object-position:50% 50%\"\/><\/figure><div class=\"wp-block-media-text__content\">\n<p class=\"has-large-font-size\"><strong>Ledamot <\/strong><\/p>\n\n\n\n<p>Lotta Jensen<br>lotta@nhmf.se<\/p>\n<\/div><\/div>\n\n\n\n<div class=\"wp-block-media-text alignwide is-stacked-on-mobile is-image-fill-element\"><figure class=\"wp-block-media-text__media\"><img decoding=\"async\" width=\"180\" height=\"148\" src=\"http:\/\/nhmf.se\/wp-content\/uploads\/cropped-174878_189534891095539_5987965_n.jpg\" alt=\"\" class=\"wp-image-310 size-full\" style=\"object-position:50% 50%\"\/><\/figure><div class=\"wp-block-media-text__content\">\n<p class=\"has-large-font-size\"><strong>Kass\u00f6r \/ Medlemsregister-ansvarig<\/strong><\/p>\n\n\n\n<p>Linn \u00a0Kjellberg<br>linn@nhmf.se<\/p>\n<\/div><\/div>\n\n\n\n<p><\/p>\n","protected":false},"excerpt":{"rendered":"<p>Ordf\u00f6rande Sara J\u00e4ttner Sara@nhmf.se Vice ordf\u00f6rande Cecilia Ekeblom Cecilia@nhmf.se Ledamot Ingrid Bengtssoningrid@nhmf.se Ledamot Sari YlitapioSari@nhmf.se Ledamot Karen Wild karen@nhmf.se Ledamot och f\u00f6rs\u00e4krings-fr\u00e5gor Malin Lindbergmalin@nhmf.se Ledamot Lotta Jensenlotta@nhmf.se Kass\u00f6r \/ Medlemsregister-ansvarig Linn \u00a0Kjellberglinn@nhmf.se<\/p>\n","protected":false},"author":1,"featured_media":0,"parent":0,"menu_order":0,"comment_status":"closed","ping_status":"closed","template":"","meta":{"footnotes":""},"class_list":["post-1406","page","type-page","status-publish","hentry"],"_links":{"self":[{"href":"https:\/\/nhmf.se\/index.php?rest_route=\/wp\/v2\/pages\/1406","targetHints":{"allow":["GET"]}}],"collection":[{"href":"https:\/\/nhmf.se\/index.php?rest_route=\/wp\/v2\/pages"}],"about":[{"href":"https:\/\/nhmf.se\/index.php?rest_route=\/wp\/v2\/types\/page"}],"author":[{"embeddable":true,"href":"https:\/\/nhmf.se\/index.php?rest_route=\/wp\/v2\/users\/1"}],"replies":[{"embeddable":true,"href":"https:\/\/nhmf.se\/index.php?rest_route=%2Fwp%2Fv2%2Fcomments&post=1406"}],"version-history":[{"count":16,"href":"https:\/\/nhmf.se\/index.php?rest_route=\/wp\/v2\/pages\/1406\/revisions"}],"predecessor-version":[{"id":1808,"href":"https:\/\/nhmf.se\/index.php?rest_route=\/wp\/v2\/pages\/1406\/revisions\/1808"}],"wp:attachment":[{"href":"https:\/\/nhmf.se\/index.php?rest_route=%2Fwp%2Fv2%2Fmedia&parent=1406"}],"curies":[{"name":"wp","href":"https:\/\/api.w.org\/{rel}","templated":true}]}}