{"id":27,"date":"2014-03-18T20:06:03","date_gmt":"2014-03-18T19:06:03","guid":{"rendered":"https:\/\/nhmf.se\/?page_id=27"},"modified":"2024-05-29T20:28:27","modified_gmt":"2024-05-29T18:28:27","slug":"stadgar","status":"publish","type":"page","link":"https:\/\/nhmf.se\/?page_id=27","title":{"rendered":"Stadgar"},"content":{"rendered":"<h3><strong>1 Namn<\/strong><\/h3>\n<p>F\u00f6rbundets namn \u00e4r Nordiska H\u00e4stmass\u00f6rers F\u00f6rbund, f\u00f6rkortat till NHMF.<\/p>\n<h3><strong>2 S\u00e4te<\/strong><\/h3>\n<p>NHMF har sitt s\u00e4te i Norden, p\u00e5 den plats d\u00e4r den firmatecknande ledamoten har sin hemvist.<\/p>\n<h3><strong>3 Syfte<\/strong><\/h3>\n<p>NHMF \u00e4r en ideell f\u00f6rening som sammanbringar diplomerade och certifierade h\u00e4stmass\u00f6rer i Norden. Syftet \u00e4r att ge en plattform till kvalitativa yrkesverksamma och studerande h\u00e4stmass\u00f6rer samt att sprida kunskap om h\u00e4stmassage.<\/p>\n<h3><strong>4 Verksamhets- och r\u00e4kenskaps\u00e5r<\/strong><\/h3>\n<p>F\u00f6rbundets verksamhets\u00e5r och r\u00e4kenskaps\u00e5r \u00e4r kalender\u00e5r. R\u00e4kenskaps\u00e5ret \u00e4r 1\/1 &#8211; 31\/ 12.<\/p>\n<h3><strong>5 Medlemskap<\/strong><\/h3>\n<p>F\u00f6r att bli medlem i NHMF m\u00e5ste man uppfylla f\u00f6rbundets utbildningskrav. Kraven fastst\u00e4lls av styrelsen och syftar till att s\u00e4kerst\u00e4lla att medlemmar genomg\u00e5tt utbildning med kvalitativt inneh\u00e5ll, teoretiska grundkunskaper, praktik samt teoretiska och praktiska prov.<\/p>\n<h4><strong>5.1 Medlems r\u00e4ttigheter och skyldigheter<\/strong><\/h4>\n<p>Medlem<\/p>\n<ul>\n<li>f\u00f6rbinder sig att iakttaga f\u00f6rbundets etiska regler<\/li>\n<li>f\u00f6rbinder sig att som yrkesverksam vara ansvarsf\u00f6rs\u00e4krad. (Yrkesverksam \u00e4r den som under \u00e5ret ger behandling mot betalning)<\/li>\n<li>har r\u00e4tt att delta i sammankomster som anordnas f\u00f6r medlemmarna<\/li>\n<li>har r\u00e4tt till information om f\u00f6rbundets angel\u00e4genheter<\/li>\n<li>ska f\u00f6lja f\u00f6rbundets stadgar och beslut<\/li>\n<li>har inte r\u00e4tt till del av f\u00f6rbundets beh\u00e5llning eller egendom vid uppl\u00f6sning av f\u00f6rbundet<\/li>\n<li>ska betala de avgifter som beslutas av f\u00f6rbundet<\/li>\n<li>som inte f\u00f6ljer f\u00f6rbundets stadgar och etiska regler eller inte betalt fastst\u00e4lld medlemsavgift kan uteslutas liksom medlem som eljest skadar f\u00f6rbundet<\/li>\n<\/ul>\n<p>I fr\u00e5gor om medlemskap\u00a0beslutar\u00a0styrelsen.<\/p>\n<h4><strong> 5.2 Uttr\u00e4de<\/strong><\/h4>\n<p>Upps\u00e4gning eller f\u00f6r\u00e4ndring av medlemskap ska skriftligen meddelas till styrelsen.<\/p>\n<p>Medlem som inte betalat in medlemsavgiften f\u00f6r det nya verksamhets\u00e5ret anses ha beg\u00e4rt uttr\u00e4de ur f\u00f6rbundet.<\/p>\n<h4><strong>6\u00a0\u00c5rsm\u00f6te och extra \u00e5rsm\u00f6te<\/strong><\/h4>\n<h4><strong>6.1 \u00c5rsm\u00f6te<\/strong><\/h4>\n<p>\u00c5rsm\u00f6te ska h\u00e5llas senast under april m\u00e5nad<\/p>\n<h4><strong> 6.2 Kallelse till \u00e5rsm\u00f6te<\/strong><\/h4>\n<p>Kallelse till \u00e5rsm\u00f6te och extra \u00e5rsm\u00f6te ska ansl\u00e5s av styrelsen minst fyra veckor i f\u00f6rv\u00e4g.<\/p>\n<h4><strong> 6.3 F\u00f6rslag till \u00e4renden att behandla av \u00e5rsm\u00f6tet<\/strong><\/h4>\n<p>Medlem, som \u00f6nskar f\u00e5 \u00e4rende framlagt vid \u00e5rsm\u00f6te, ska senast tv\u00e5 veckor f\u00f6re \u00e5rsm\u00f6tet tillst\u00e4lla styrelsen en skriftlig framst\u00e4llning i \u00e4rendet.<\/p>\n<h4><strong> 6.4 R\u00f6str\u00e4tt samt yttrande- och f\u00f6rslagsr\u00e4tt p\u00e5 \u00e5rsm\u00f6tet<\/strong><\/h4>\n<p>Medlem som erlagt medlemsavgift f\u00f6r l\u00f6pande verksamhets\u00e5r har r\u00f6str\u00e4tt. R\u00f6str\u00e4tten \u00e4r personlig och f\u00e5r inte ut\u00f6vas genom ombud.<\/p>\n<h4><strong> 6.5 Beslutsm\u00e4ssighet<\/strong><\/h4>\n<p>M\u00f6tet \u00e4r beslutsm\u00e4ssigt med det antal r\u00f6stber\u00e4ttigade medlemmar som \u00e4r n\u00e4rvarande p\u00e5 m\u00f6tet.<\/p>\n<h4><strong> 6.6 Beslut och omr\u00f6stning<\/strong><\/h4>\n<p>Beslut fattas med bifallsrop (acklamation) eller om s\u00e5 beg\u00e4rs efter omr\u00f6stning (votering).<\/p>\n<p>Omr\u00f6stning sker \u00f6ppet. Om r\u00f6stber\u00e4ttigad medlem beg\u00e4r det ska dock val ske slutet.<\/p>\n<p>Vid omr\u00f6stning som ej avser val g\u00e4ller vid lika r\u00f6stetal det f\u00f6rslag som bitr\u00e4ds av ordf\u00f6randen vid m\u00f6tet. Vid lika r\u00f6stetal \u00e4ger ordf\u00f6rande utslagsr\u00f6st dock ej vid personval d\u00e5 lottning anv\u00e4nds.<\/p>\n<h4><strong> 6.7 Val av styrelse och valberedning<\/strong><\/h4>\n<p>Valbar till styrelsen och valberedningen \u00e4r r\u00f6stber\u00e4ttigad medlem i f\u00f6rbundet.<\/p>\n<h4><strong> 6.8 \u00c4renden vid \u00e5rsm\u00f6tet<\/strong><\/h4>\n<p>Vid \u00e5rsm\u00f6tet ska f\u00f6ljande behandlas och protokollf\u00f6ras:<\/p>\n<ul>\n<li>Fastst\u00e4llande av r\u00f6stl\u00e4ngd<\/li>\n<li>Fr\u00e5ga om m\u00f6tets beh\u00f6riga utlysande<\/li>\n<li>Fastst\u00e4llande av f\u00f6redragningslista<\/li>\n<li>Val av ordf\u00f6rande och sekreterare f\u00f6r m\u00f6tet<\/li>\n<li>Val av protokolljusterare och r\u00f6str\u00e4knare<\/li>\n<li>Styrelsens verksamhetsber\u00e4ttelse f\u00f6r det senaste verksamhets\u00e5ret,<\/li>\n<li>Styrelsens f\u00f6rvaltningsber\u00e4ttelse (balans- och resultatr\u00e4kning) f\u00f6r det senaste r\u00e4kenskaps\u00e5ret<\/li>\n<li>Revisorernas ber\u00e4ttelse \u00f6ver styrelsens f\u00f6rvaltning under det senaste verksamhets\/ r\u00e4kenskaps\u00e5ret<\/li>\n<li>Fr\u00e5ga om ansvarsfrihet f\u00f6r styrelsen f\u00f6r den tid revisionen avser<\/li>\n<li>Fastst\u00e4llande av medlemsavgifter<\/li>\n<li>Fastst\u00e4llande av verksamhetsplan samt behandling av budget f\u00f6r det kommande verksamhets\/ r\u00e4kenskaps\u00e5ret<\/li>\n<li>Val av\n<ul>\n<li>F\u00f6rbundets ordf\u00f6rande, f\u00f6r en tid av ett \u00e5r<\/li>\n<li>\u00d6vriga ledam\u00f6ter i styrelsen f\u00f6r en tid av tv\u00e5 \u00e5r<\/li>\n<li>En revisor, revisor beh\u00f6ver inte vara medlem i f\u00f6rbundet<\/li>\n<li>En ledamot i valberedningen f\u00f6r en tid av ett \u00e5r<\/li>\n<\/ul>\n<\/li>\n<li>Behandling av styrelsens f\u00f6rslag och i r\u00e4tt tid inkomna motioner<\/li>\n<li>\u00d6vriga fr\u00e5gor<\/li>\n<\/ul>\n<p>Beslut i fr\u00e5gor av st\u00f6rre ekonomisk betydelse f\u00f6r f\u00f6rbundet eller medlemmarna f\u00e5r inte fattas om f\u00f6rslaget eller motionen inte finns med i kallelsen.<\/p>\n<h4><strong> 6.9 Extra \u00e5rsm\u00f6te<\/strong><\/h4>\n<p>Styrelsen kan kalla medlemmarna till extra \u00e5rsm\u00f6te.<\/p>\n<p>Styrelsen \u00e4r skyldig att kalla till extra \u00e5rsm\u00f6te n\u00e4r en revisor eller minst en tiondel av f\u00f6rbundets r\u00f6stber\u00e4ttigade medlemmar beg\u00e4r det. S\u00e5dan framst\u00e4llning ska avfattas skriftligen och inneh\u00e5lla sk\u00e4len f\u00f6r beg\u00e4ran.<\/p>\n<h3><strong>7 NHMFs styrelse<\/strong><\/h3>\n<h4><strong>7.1 Styrelsens sammans\u00e4ttning<\/strong><\/h4>\n<p>Vid \u00e5rsm\u00f6tet v\u00e4ljs ordf\u00f6rande, ledam\u00f6ter och (vid behov) suppleanter. Styrelsen ska best\u00e5 av minst tre (3) ordinarie ledam\u00f6ter.<\/p>\n<p>Styrelsen utser inom sig sekreterare, kass\u00f6r och \u00f6vrig befattningshavare som beh\u00f6vs.<\/p>\n<p>Styrelsen kan adjungera den eller de personer styrelsen finner l\u00e4mpligt f\u00f6r verksamhetens \u00e4ndam\u00e5l. Adjungerad \u00e4r r\u00e5dgivande och har inte r\u00f6str\u00e4tt i styrelsen.<\/p>\n<p>Ordinarie ledamot som avg\u00e5r under sin mandatperiod ers\u00e4tts i f\u00f6rsta hand av en suppleant som \u00e4r villig att \u00f6verta posten. \u00c4r detta inte m\u00f6jligt l\u00e4mna posten vakant.<\/p>\n<h4><strong>7.2 Styrelsens \u00e5liggande<\/strong><\/h4>\n<p>N\u00e4r \u00e5rsm\u00f6tet inte \u00e4r samlat \u00e4r styrelsen f\u00f6rbundets beslutande organ och ansvarar f\u00f6r f\u00f6rbundets angel\u00e4genheter.<\/p>\n<p>Ordf\u00f6rande ska leda styrelsens f\u00f6rhandlingar och arbetet samt \u00f6vervaka att f\u00f6rbundets stadgar och \u00f6vriga f\u00f6r f\u00f6rbundet bindande regler och beslut efterlevs. Styrelsen ska besluta om f\u00f6rdelning av arbetsuppgifter i \u00f6vrigt och leda styrelsens f\u00f6rhandlingar.<\/p>\n<h4><strong> 7.3 Styrelsens sammantr\u00e4den\u00a0<\/strong><\/h4>\n<p>Styrelsen sammantr\u00e4der efter kallelse av ordf\u00f6randen eller d\u00e5 minst halva antalet ledam\u00f6ter har beg\u00e4rt det.\u00a0 Styrelsen skall sammantr\u00e4da vid behov.<\/p>\n<p>Styrelsen \u00e4r beslutsf\u00f6r, d\u00e5\u00a0minst\u00a0h\u00e4lften av\u00a0ledam\u00f6ter\u00a0\u00e4r n\u00e4rvarande. R\u00f6stning f\u00e5r inte ske genom ombud. Adjungerad ledamot av styrelsen har inte r\u00f6str\u00e4tt.<\/p>\n<p>Vid sammantr\u00e4de i styrelsen f\u00f6rs protokoll. Detta undertecknas av protokollf\u00f6raren samt justeras av ordf\u00f6randen j\u00e4mte d\u00e4rtill utsedd justeringsman. Protokoll skall skickas ut till samtliga ledam\u00f6ter i styrelsen f\u00f6r k\u00e4nnedom senast tre veckor efter m\u00f6te.<\/p>\n<p>Styrelsen skall efter r\u00e4kenskaps\u00e5rets slut avge en verksamhetsber\u00e4ttelse som bifogas kallelse till \u00e5rsm\u00f6tet.<\/p>\n<h4><strong> 7.4 Firmateckning<\/strong><\/h4>\n<p>F\u00f6rbundets firma tecknas av tv\u00e5 av styrelsens ledam\u00f6ter var f\u00f6r sig.<\/p>\n<h3><strong>8 Revision<\/strong><\/h3>\n<p>Revisorerna har r\u00e4tt att fortl\u00f6pande ta del av f\u00f6rbundets r\u00e4kenskaper, \u00e5rsm\u00f6tes- och styrelseprotokoll och \u00f6vriga handlingar.<\/p>\n<p>F\u00f6rbundets r\u00e4kenskaper ska vara revisorerna tillhanda senaste en m\u00e5nad f\u00f6re \u00e5rsm\u00f6tet.<\/p>\n<p>Revisorerna ska granska styrelsens f\u00f6rvaltning och r\u00e4kenskaper f\u00f6r det senaste verksamhets- och r\u00e4kenskaps\u00e5ret samt till styrelsen \u00f6verl\u00e4mna revisionsber\u00e4ttelse senast 14 dagar f\u00f6re \u00e5rsm\u00f6tet.<\/p>\n<h3><strong>9 Beslutande organ<\/strong><\/h3>\n<p>F\u00f6rbundets beslutande organ \u00e4r \u00e5rsm\u00f6tet, extra \u00e5rsm\u00f6te och styrelsen.<\/p>\n<h3><strong>10 Stadge\u00e4ndring<\/strong><\/h3>\n<p>F\u00f6r \u00e4ndring av dessa stadgar kr\u00e4vs beslut av tv\u00e5 \u00e5rsm\u00f6ten med minst tv\u00e5 tredjedelar av antalet avgivna r\u00f6ster. F\u00f6rslag till \u00e4ndring av stadgarna f\u00e5r skriftligen avges s\u00e5v\u00e4l av medlem som av styrelsen.<\/p>\n<h3><strong>11 F\u00f6rbundets uppl\u00f6sande<\/strong><\/h3>\n<p>F\u00f6r uppl\u00f6sning av f\u00f6rbundet kr\u00e4vs beslut av \u00e5rsm\u00f6te med minst tv\u00e5 tredjedelar av antalet avgivna r\u00f6ster.<\/p>\n","protected":false},"excerpt":{"rendered":"<p>1 Namn F\u00f6rbundets namn \u00e4r Nordiska H\u00e4stmass\u00f6rers F\u00f6rbund, f\u00f6rkortat till NHMF. 2 S\u00e4te NHMF har sitt s\u00e4te i Norden, p\u00e5 den plats d\u00e4r den firmatecknande ledamoten har sin hemvist. 3 Syfte NHMF \u00e4r en ideell f\u00f6rening som sammanbringar diplomerade och certifierade h\u00e4stmass\u00f6rer i Norden. Syftet \u00e4r att ge en plattform till kvalitativa yrkesverksamma och studerande&hellip; <a class=\"more-link\" href=\"https:\/\/nhmf.se\/?page_id=27\">Read More <span class=\"screen-reader-text\">Stadgar<\/span><\/a><\/p>\n","protected":false},"author":1,"featured_media":0,"parent":48,"menu_order":3,"comment_status":"closed","ping_status":"closed","template":"","meta":{"footnotes":""},"class_list":["post-27","page","type-page","status-publish","hentry"],"_links":{"self":[{"href":"https:\/\/nhmf.se\/index.php?rest_route=\/wp\/v2\/pages\/27","targetHints":{"allow":["GET"]}}],"collection":[{"href":"https:\/\/nhmf.se\/index.php?rest_route=\/wp\/v2\/pages"}],"about":[{"href":"https:\/\/nhmf.se\/index.php?rest_route=\/wp\/v2\/types\/page"}],"author":[{"embeddable":true,"href":"https:\/\/nhmf.se\/index.php?rest_route=\/wp\/v2\/users\/1"}],"replies":[{"embeddable":true,"href":"https:\/\/nhmf.se\/index.php?rest_route=%2Fwp%2Fv2%2Fcomments&post=27"}],"version-history":[{"count":8,"href":"https:\/\/nhmf.se\/index.php?rest_route=\/wp\/v2\/pages\/27\/revisions"}],"predecessor-version":[{"id":1662,"href":"https:\/\/nhmf.se\/index.php?rest_route=\/wp\/v2\/pages\/27\/revisions\/1662"}],"up":[{"embeddable":true,"href":"https:\/\/nhmf.se\/index.php?rest_route=\/wp\/v2\/pages\/48"}],"wp:attachment":[{"href":"https:\/\/nhmf.se\/index.php?rest_route=%2Fwp%2Fv2%2Fmedia&parent=27"}],"curies":[{"name":"wp","href":"https:\/\/api.w.org\/{rel}","templated":true}]}}