{"id":364,"date":"2018-03-27T15:51:50","date_gmt":"2018-03-27T13:51:50","guid":{"rendered":"https:\/\/nhmf.se\/?page_id=364"},"modified":"2021-11-02T19:31:58","modified_gmt":"2021-11-02T18:31:58","slug":"nyheter","status":"publish","type":"page","link":"https:\/\/nhmf.se\/?page_id=364","title":{"rendered":"Nyheter"},"content":{"rendered":"<p><strong>2020-06-24<\/strong><\/p>\n<p>Medlemmar i NHMF kan k\u00f6pa <strong>Klisterm\u00e4rken<\/strong> (12 cm i diameter) och <strong>Tygm\u00e4rken<\/strong> (8 cm i diameter) mot portokostnad<br \/>\nSkicka mail till:\u00a0<a href=\"mailto:ingrid@nhmf.se\">ingrid@nhmf.se.<\/a><\/p>\n<p><a href=\"http:\/\/nhmf.se\/wp-content\/uploads\/Klistem\u00e4rke-tygm\u00e4rke-NHMF-scaled.jpg\"><img decoding=\"async\" class=\"size-thumbnail wp-image-809 alignnone\" src=\"http:\/\/nhmf.se\/wp-content\/uploads\/Klistem\u00e4rke-tygm\u00e4rke-NHMF-150x150.jpg\" alt=\"\" width=\"150\" height=\"150\" \/><\/a><\/p>\n<p><strong>2020-03-10<\/strong><\/p>\n<p><strong><span style=\"color: #0000ff;\">V\u00e4lkomna till \u00c5rsm\u00f6tet 2020!<\/span><\/strong><br \/>\nKallelse till \u00c5rsm\u00f6tet <strong><span style=\"color: #339966;\">l\u00f6rdagen den 28\/3<\/span> <\/strong>\u00e4r utskickad per mail. Vi b\u00f6rjar med \u00e5rsm\u00f6tesf\u00f6handlingar och sedan kommer Cajsa Eriksson h\u00e5lla f\u00f6redrag om tejpning. Icke medlemmar kan delta p\u00e5 f\u00f6redraget till en kostnad av 100 kr. Meddela namn till Ingrid Bengtsson.<\/p>\n<p>Sista dagen f\u00f6r motioner \u00e4r den 14 mars. Dessa skickas till <a href=\"mailto:ingrid@nhmf.se\">ingrid@nhmf.se<\/a><\/p>\n<p>Meddela deltagande till Ingrid Bengtsson antingen genom replay p\u00e5 kallelsen, via mail <a href=\"mailto:ingrid@nhmf.se\">ingrid@nhmf.se<\/a> eller telefon 0705184405. Plats meddelas s\u00e5 snart v\u00e4gbeskrivning finns men vi kommer vara i Stockholmsomr\u00e5det.<\/p>\n<p><strong>2019-11-29<\/strong><\/p>\n<p>F\u00f6rs\u00e4kringen \u00e4r f\u00f6rtydligad med f\u00f6ljande av vad som ing\u00e5r<\/p>\n<ul>\n<li><em>Maskiner\/Inventarier inkl. hyrd\/leasad egenom\u00a0<\/em><\/li>\n<\/ul>\n<ul>\n<li><em>F\u00f6r behandlingar p\u00e5 m\u00e4nniskor ing\u00e5r massagebehandling.<\/em><\/li>\n<li><em>F\u00f6r h\u00e4star ing\u00e5r massagebehandling, djupv\u00e5gsbehandling och laserbehandling<\/em><\/li>\n<\/ul>\n<p><strong>2019-07-04<\/strong><br \/>\nNy webadress till <a href=\"http:\/\/www.prima4you.se\">Prima4You<\/a>. Profilk\u00e4der f\u00f6r medlemmar i f\u00f6rbundet.<\/p>\n<p><strong>2019-03-20<\/strong><br \/>\n\u00c5rsm\u00f6te l\u00f6rdagen den 23\/3, kl. 13.00 f\u00f6r NHMF hos Lollo Persson. Lollo ger efter m\u00f6tet ett f\u00f6redrag om,\u00a0&#8220;Att koppla ihop olika muskler med tr\u00e4ning och muskeluppbyggnad&#8221;. M\u00f6tet \u00e4r \u00f6ppet f\u00f6r icke medlemmar.<\/p>\n<p><strong>2019-03-10<\/strong><\/p>\n<p><strong>Intressanta FB grupper:<\/strong><br \/>\n<a href=\"https:\/\/www.facebook.com\/groups\/1155111651283322\/permalink\/1913866052074541\/?notif_id=1552209346688786&amp;notif_t=group_description_change\">H\u00e4stmassage- Samverkan och fortbildning<\/a><br \/>\n<a href=\"https:\/\/www.facebook.com\/NHMF-f\u00f6r-alla-v\u00e4nner-av-h\u00e4stmassage-249986338443509\/\">NHMF &#8211; f\u00f6r alla v\u00e4nner av h\u00e4stmassage<\/a><br \/>\n<a href=\"https:\/\/www.facebook.com\/animalen1993\/\">Axelson Animal Massage School<\/a><\/p>\n","protected":false},"excerpt":{"rendered":"<p>2020-06-24 Medlemmar i NHMF kan k\u00f6pa Klisterm\u00e4rken (12 cm i diameter) och Tygm\u00e4rken (8 cm i diameter) mot portokostnad Skicka mail till:\u00a0ingrid@nhmf.se. 2020-03-10 V\u00e4lkomna till \u00c5rsm\u00f6tet 2020! Kallelse till \u00c5rsm\u00f6tet l\u00f6rdagen den 28\/3 \u00e4r utskickad per mail. Vi b\u00f6rjar med \u00e5rsm\u00f6tesf\u00f6handlingar och sedan kommer Cajsa Eriksson h\u00e5lla f\u00f6redrag om tejpning. Icke medlemmar kan delta p\u00e5&hellip; <a class=\"more-link\" href=\"https:\/\/nhmf.se\/?page_id=364\">Read More <span class=\"screen-reader-text\">Nyheter<\/span><\/a><\/p>\n","protected":false},"author":1,"featured_media":0,"parent":48,"menu_order":0,"comment_status":"closed","ping_status":"closed","template":"","meta":{"footnotes":""},"class_list":["post-364","page","type-page","status-publish","hentry"],"_links":{"self":[{"href":"https:\/\/nhmf.se\/index.php?rest_route=\/wp\/v2\/pages\/364","targetHints":{"allow":["GET"]}}],"collection":[{"href":"https:\/\/nhmf.se\/index.php?rest_route=\/wp\/v2\/pages"}],"about":[{"href":"https:\/\/nhmf.se\/index.php?rest_route=\/wp\/v2\/types\/page"}],"author":[{"embeddable":true,"href":"https:\/\/nhmf.se\/index.php?rest_route=\/wp\/v2\/users\/1"}],"replies":[{"embeddable":true,"href":"https:\/\/nhmf.se\/index.php?rest_route=%2Fwp%2Fv2%2Fcomments&post=364"}],"version-history":[{"count":17,"href":"https:\/\/nhmf.se\/index.php?rest_route=\/wp\/v2\/pages\/364\/revisions"}],"predecessor-version":[{"id":1230,"href":"https:\/\/nhmf.se\/index.php?rest_route=\/wp\/v2\/pages\/364\/revisions\/1230"}],"up":[{"embeddable":true,"href":"https:\/\/nhmf.se\/index.php?rest_route=\/wp\/v2\/pages\/48"}],"wp:attachment":[{"href":"https:\/\/nhmf.se\/index.php?rest_route=%2Fwp%2Fv2%2Fmedia&parent=364"}],"curies":[{"name":"wp","href":"https:\/\/api.w.org\/{rel}","templated":true}]}}