{"id":48,"date":"2014-03-21T15:12:39","date_gmt":"2014-03-21T15:12:39","guid":{"rendered":"https:\/\/nhmf.se\/?page_id=48"},"modified":"2025-09-20T14:15:33","modified_gmt":"2025-09-20T12:15:33","slug":"for-vara-medlemmar","status":"publish","type":"page","link":"https:\/\/nhmf.se\/?page_id=48","title":{"rendered":"Medlemskap"},"content":{"rendered":"<p>NHMF erbjuder tre medlemskapsalternativ. Medlemskapet g\u00e4ller per kalender\u00e5r (1 januari\u201331 december).<\/p>\n<p><strong>Avgifter<\/strong><\/p>\n<ul>\n<li><strong>Basmedlem:<\/strong>\u00a0300 kr\/\u00e5r<\/li>\n<li><strong>Fullmedlem (inkl. f\u00f6rs\u00e4kring):<\/strong>\u00a01450 kr\/\u00e5r (300 kr + 1150 kr f\u00f6rs\u00e4kring)<\/li>\n<li><strong>St\u00f6dmedlem:<\/strong>\u00a0150 kr\/\u00e5r (g\u00e4ller 2025)<\/li>\n<\/ul>\n<p><strong>Vad ing\u00e5r i medlemskapen?<\/strong><\/p>\n<p><strong>Fullmedlem<\/strong><\/p>\n<ul>\n<li>Ansvarsf\u00f6rs\u00e4kring via NHMF<\/li>\n<li>Tillg\u00e5ng till utbildningar anordnade av NHMF<\/li>\n<li>Medlem i NHMF:s Facebookgrupp<\/li>\n<li>Synlighet p\u00e5 hemsidan under \u201cHitta din h\u00e4stmass\u00f6r\u201d<\/li>\n<\/ul>\n<p><strong>Basmedlem \/ Studentmedlem<\/strong><\/p>\n<ul>\n<li>Medlemskap utan f\u00f6rs\u00e4kring<\/li>\n<li>Tillg\u00e5ng till utbildningar anordnade av NHMF<\/li>\n<li>Medlem i NHMF:s Facebookgrupp<\/li>\n<li>Synlighet p\u00e5 hemsidan under \u201c Hitta din h\u00e4stmass\u00f6r\u201d<\/li>\n<\/ul>\n<p><strong>St\u00f6dmedlem<\/strong><\/p>\n<ul>\n<li>Medlemskap utan aktiv verksamhet<\/li>\n<li>Deltagande i NHMF Caf\u00e9 och f\u00f6rel\u00e4sningar<\/li>\n<li>Medlem i NHMF:s Facebookgrupp<br \/>\n<strong>OBS:<\/strong>\u00a0St\u00f6dmedlemmar kan inte:<\/p>\n<ul>\n<li>R\u00f6sta p\u00e5 \u00e5rsm\u00f6ten<\/li>\n<li>F\u00e5 kursrabatter<\/li>\n<li>Ha aktiv verksamhet<\/li>\n<li>Synas p\u00e5 hemsidan<\/li>\n<\/ul>\n<\/li>\n<\/ul>\n<p><strong>Ans\u00f6kan<\/strong><\/p>\n<p>Kontakta\u00a0<strong>Linn Kjellberg<\/strong>, kass\u00f6r och medlemsregisteransvarig:<br \/>\n\ud83d\udce7Linn@nhmf.se<\/p>\n","protected":false},"excerpt":{"rendered":"<p>NHMF erbjuder tre medlemskapsalternativ. Medlemskapet g\u00e4ller per kalender\u00e5r (1 januari\u201331 december). Avgifter Basmedlem:\u00a0300 kr\/\u00e5r Fullmedlem (inkl. f\u00f6rs\u00e4kring):\u00a01450 kr\/\u00e5r (300 kr + 1150 kr f\u00f6rs\u00e4kring) St\u00f6dmedlem:\u00a0150 kr\/\u00e5r (g\u00e4ller 2025) Vad ing\u00e5r i medlemskapen? Fullmedlem Ansvarsf\u00f6rs\u00e4kring via NHMF Tillg\u00e5ng till utbildningar anordnade av NHMF Medlem i NHMF:s Facebookgrupp Synlighet p\u00e5 hemsidan under \u201cHitta din h\u00e4stmass\u00f6r\u201d Basmedlem \/&hellip; <a class=\"more-link\" href=\"https:\/\/nhmf.se\/?page_id=48\">Read More <span class=\"screen-reader-text\">Medlemskap<\/span><\/a><\/p>\n","protected":false},"author":1,"featured_media":0,"parent":0,"menu_order":5,"comment_status":"closed","ping_status":"closed","template":"","meta":{"footnotes":""},"class_list":["post-48","page","type-page","status-publish","hentry"],"_links":{"self":[{"href":"https:\/\/nhmf.se\/index.php?rest_route=\/wp\/v2\/pages\/48","targetHints":{"allow":["GET"]}}],"collection":[{"href":"https:\/\/nhmf.se\/index.php?rest_route=\/wp\/v2\/pages"}],"about":[{"href":"https:\/\/nhmf.se\/index.php?rest_route=\/wp\/v2\/types\/page"}],"author":[{"embeddable":true,"href":"https:\/\/nhmf.se\/index.php?rest_route=\/wp\/v2\/users\/1"}],"replies":[{"embeddable":true,"href":"https:\/\/nhmf.se\/index.php?rest_route=%2Fwp%2Fv2%2Fcomments&post=48"}],"version-history":[{"count":46,"href":"https:\/\/nhmf.se\/index.php?rest_route=\/wp\/v2\/pages\/48\/revisions"}],"predecessor-version":[{"id":1859,"href":"https:\/\/nhmf.se\/index.php?rest_route=\/wp\/v2\/pages\/48\/revisions\/1859"}],"wp:attachment":[{"href":"https:\/\/nhmf.se\/index.php?rest_route=%2Fwp%2Fv2%2Fmedia&parent=48"}],"curies":[{"name":"wp","href":"https:\/\/api.w.org\/{rel}","templated":true}]}}