{"id":63,"date":"2014-03-21T19:17:14","date_gmt":"2014-03-21T19:17:14","guid":{"rendered":"https:\/\/nhmf.se\/?page_id=63"},"modified":"2025-09-20T13:37:58","modified_gmt":"2025-09-20T11:37:58","slug":"lite-facta-om-forbundet","status":"publish","type":"page","link":"https:\/\/nhmf.se\/?page_id=63","title":{"rendered":"Korta fakta om f\u00f6rbundet"},"content":{"rendered":"<h3><strong>NHMF\u00a0\u00a0&#8211; Friskv\u00e5rd f\u00f6r h\u00e4st av utbildade och f\u00f6rs\u00e4krade h\u00e4stmass\u00f6rer<\/strong><\/h3>\n<p><strong>Medlemmar\u00a0i\u00a0NHMF<\/strong><\/p>\n<ul>\n<li>Arbetar med f\u00f6rebyggande friskv\u00e5rd<\/li>\n<li>Utbildade i h\u00e4stmassage och h\u00e4stens anatomi<\/li>\n<li>Erbjuder rehabilitering i samr\u00e5d med veterin\u00e4r<\/li>\n<\/ul>\n<p><strong>Som medlem i NHMF<\/strong><\/p>\n<ul>\n<li>F\u00f6rs\u00e4kring via IF genom f\u00f6rbundet<\/li>\n<li>St\u00e4rkt professionell profil som h\u00e4stmass\u00f6r<\/li>\n<li>Tillg\u00e5ng till fortbildning och erfarenhetsutbyte<\/li>\n<\/ul>\n<p><strong>F\u00f6rbundets syfte<\/strong><\/p>\n<ul>\n<li>Samla utbildade h\u00e4stmass\u00f6rer inom friskv\u00e5rd<\/li>\n<li>Sprida kunskap om h\u00e4stmassage<\/li>\n<li>Erbjuda medlemsf\u00f6rs\u00e4kring<\/li>\n<li>Skapa m\u00f6tesplatser f\u00f6r kompetensutveckling<\/li>\n<\/ul>\n<p>L\u00e4s g\u00e4rna lite information om v\u00e5r\u00a0<a title=\"Styrelse\" href=\"https:\/\/nhmf.se\/?page_id=1406\">styrelse<\/a>, v\u00e5ra <a title=\"Etiska regler\" href=\"https:\/\/nhmf.se\/?page_id=29\">etiska regler<\/a> och <a title=\"Stadgar\" href=\"https:\/\/nhmf.se\/?page_id=27\">stadgar <\/a>om f\u00f6rbundet.<\/p>\n","protected":false},"excerpt":{"rendered":"<p>NHMF\u00a0\u00a0&#8211; Friskv\u00e5rd f\u00f6r h\u00e4st av utbildade och f\u00f6rs\u00e4krade h\u00e4stmass\u00f6rer Medlemmar\u00a0i\u00a0NHMF Arbetar med f\u00f6rebyggande friskv\u00e5rd Utbildade i h\u00e4stmassage och h\u00e4stens anatomi Erbjuder rehabilitering i samr\u00e5d med veterin\u00e4r Som medlem i NHMF F\u00f6rs\u00e4kring via IF genom f\u00f6rbundet St\u00e4rkt professionell profil som h\u00e4stmass\u00f6r Tillg\u00e5ng till fortbildning och erfarenhetsutbyte F\u00f6rbundets syfte Samla utbildade h\u00e4stmass\u00f6rer inom friskv\u00e5rd Sprida kunskap om&hellip; <a class=\"more-link\" href=\"https:\/\/nhmf.se\/?page_id=63\">Read More <span class=\"screen-reader-text\">Korta fakta om f\u00f6rbundet<\/span><\/a><\/p>\n","protected":false},"author":1,"featured_media":0,"parent":0,"menu_order":0,"comment_status":"closed","ping_status":"closed","template":"","meta":{"footnotes":""},"class_list":["post-63","page","type-page","status-publish","hentry"],"_links":{"self":[{"href":"https:\/\/nhmf.se\/index.php?rest_route=\/wp\/v2\/pages\/63","targetHints":{"allow":["GET"]}}],"collection":[{"href":"https:\/\/nhmf.se\/index.php?rest_route=\/wp\/v2\/pages"}],"about":[{"href":"https:\/\/nhmf.se\/index.php?rest_route=\/wp\/v2\/types\/page"}],"author":[{"embeddable":true,"href":"https:\/\/nhmf.se\/index.php?rest_route=\/wp\/v2\/users\/1"}],"replies":[{"embeddable":true,"href":"https:\/\/nhmf.se\/index.php?rest_route=%2Fwp%2Fv2%2Fcomments&post=63"}],"version-history":[{"count":15,"href":"https:\/\/nhmf.se\/index.php?rest_route=\/wp\/v2\/pages\/63\/revisions"}],"predecessor-version":[{"id":1852,"href":"https:\/\/nhmf.se\/index.php?rest_route=\/wp\/v2\/pages\/63\/revisions\/1852"}],"wp:attachment":[{"href":"https:\/\/nhmf.se\/index.php?rest_route=%2Fwp%2Fv2%2Fmedia&parent=63"}],"curies":[{"name":"wp","href":"https:\/\/api.w.org\/{rel}","templated":true}]}}